{"id":4776,"date":"2025-07-31T14:15:26","date_gmt":"2025-07-31T14:15:26","guid":{"rendered":"https:\/\/biznesdokawki.pl\/wp\/?page_id=4776"},"modified":"2025-09-18T12:32:48","modified_gmt":"2025-09-18T12:32:48","slug":"mobilna-kawiarnia","status":"publish","type":"page","link":"https:\/\/biznesdokawki.pl\/wp\/mobilna-kawiarnia\/","title":{"rendered":"Mobilna kawiarnia &#8211; mobilny barista na Tw\u00f3j event"},"content":{"rendered":"\n<p><\/p>\n\n\n\n<p class=\"has-text-align-center\"><strong>Profesjonalny barista i kawa specialty wyr\u00f3\u017cni\u0105 Tw\u00f3j event.<\/strong><\/p>\n\n\n\n<p class=\"has-text-align-left\">Mobilna kawiarnia na Tw\u00f3j event firmowy, czy imprez\u0119 okoliczno\u015bciow\u0105 to:<\/p>\n\n\n\n<ul class=\"wp-block-list\">\n<li>Profesjonalny ekspres kolbowy w\u0142oskiej jako\u015bci<\/li>\n\n\n\n<li>Do\u015bwiadczeni bari\u015bci z pasj\u0105 do kawy<\/li>\n\n\n\n<li>Personalizowana mobilna lada<\/li>\n<\/ul>\n\n\n\n<p class=\"has-text-align-center\"><br><strong>Dlaczego warto wynaj\u0105\u0107 mobiln\u0105 kawiarni\u0119?<\/strong><\/p>\n\n\n\n<p class=\"has-text-align-center\"><strong>Kawa sprzyja rozmowom i budowaniu relacji, <\/strong><br><strong>co przek\u0142ada si\u0119 na lepsze kontakty biznesowe i prywatne podczas Twojego wydarzenia.<\/strong><\/p>\n\n\n\n<p class=\"has-text-align-center\">Zadbamy o aromat, smak i atmosfer\u0119.<br><strong>Zorganizuj z nami wydarzenie, o kt\u00f3rym si\u0119 m\u00f3wi.<\/strong><\/p>\n\n\n<div class=\"wp-block-image\">\n<figure class=\"aligncenter size-large\"><img loading=\"lazy\" decoding=\"async\" width=\"1024\" height=\"461\" src=\"https:\/\/biznesdokawki.pl\/wp\/wp-content\/uploads\/2025\/09\/Zrzut-ekranu-2025-09-9-o-11.20.16-1024x461.png\" alt=\"\" class=\"wp-image-4987\" srcset=\"https:\/\/biznesdokawki.pl\/wp\/wp-content\/uploads\/2025\/09\/Zrzut-ekranu-2025-09-9-o-11.20.16-1024x461.png 1024w, https:\/\/biznesdokawki.pl\/wp\/wp-content\/uploads\/2025\/09\/Zrzut-ekranu-2025-09-9-o-11.20.16-300x135.png 300w, https:\/\/biznesdokawki.pl\/wp\/wp-content\/uploads\/2025\/09\/Zrzut-ekranu-2025-09-9-o-11.20.16-768x346.png 768w, https:\/\/biznesdokawki.pl\/wp\/wp-content\/uploads\/2025\/09\/Zrzut-ekranu-2025-09-9-o-11.20.16-1200x541.png 1200w, https:\/\/biznesdokawki.pl\/wp\/wp-content\/uploads\/2025\/09\/Zrzut-ekranu-2025-09-9-o-11.20.16-800x360.png 800w, https:\/\/biznesdokawki.pl\/wp\/wp-content\/uploads\/2025\/09\/Zrzut-ekranu-2025-09-9-o-11.20.16-560x252.png 560w, https:\/\/biznesdokawki.pl\/wp\/wp-content\/uploads\/2025\/09\/Zrzut-ekranu-2025-09-9-o-11.20.16-780x351.png 780w, https:\/\/biznesdokawki.pl\/wp\/wp-content\/uploads\/2025\/09\/Zrzut-ekranu-2025-09-9-o-11.20.16-870x392.png 870w, https:\/\/biznesdokawki.pl\/wp\/wp-content\/uploads\/2025\/09\/Zrzut-ekranu-2025-09-9-o-11.20.16.png 1285w\" sizes=\"auto, (max-width: 1024px) 100vw, 1024px\" \/><\/figure>\n<\/div>\n\n\n<figure class=\"wp-block-gallery has-nested-images columns-2 is-cropped wp-block-gallery-1 is-layout-flex wp-block-gallery-is-layout-flex\">\n<figure class=\"wp-block-image size-full\"><img loading=\"lazy\" decoding=\"async\" width=\"428\" height=\"605\" data-id=\"4727\" src=\"https:\/\/biznesdokawki.pl\/wp\/wp-content\/uploads\/2025\/07\/event.png\" alt=\"Mobilna kawiarnia\" class=\"wp-image-4727\" srcset=\"https:\/\/biznesdokawki.pl\/wp\/wp-content\/uploads\/2025\/07\/event.png 428w, https:\/\/biznesdokawki.pl\/wp\/wp-content\/uploads\/2025\/07\/event-212x300.png 212w\" sizes=\"auto, (max-width: 428px) 100vw, 428px\" \/><\/figure>\n\n\n\n<figure class=\"wp-block-image size-full\"><img loading=\"lazy\" decoding=\"async\" width=\"454\" height=\"605\" data-id=\"4726\" src=\"https:\/\/biznesdokawki.pl\/wp\/wp-content\/uploads\/2025\/07\/event-2.jpg\" alt=\"\" class=\"wp-image-4726\" srcset=\"https:\/\/biznesdokawki.pl\/wp\/wp-content\/uploads\/2025\/07\/event-2.jpg 454w, https:\/\/biznesdokawki.pl\/wp\/wp-content\/uploads\/2025\/07\/event-2-225x300.jpg 225w\" sizes=\"auto, (max-width: 454px) 100vw, 454px\" \/><\/figure>\n<\/figure>\n","protected":false},"excerpt":{"rendered":"Profesjonalny barista i kawa specialty wyr\u00f3\u017cni\u0105 Tw\u00f3j event. Mobilna kawiarnia na Tw\u00f3j event firmowy, czy imprez\u0119 okoliczno\u015bciow\u0105 to: Profesjonalny ekspres kolbowy w\u0142oskiej jako\u015bci Do\u015bwiadczeni ...","protected":false},"author":1,"featured_media":0,"parent":0,"menu_order":0,"comment_status":"closed","ping_status":"closed","template":"","meta":{"footnotes":""},"class_list":["post-4776","page","type-page","status-publish","hentry"],"_links":{"self":[{"href":"https:\/\/biznesdokawki.pl\/wp\/wp-json\/wp\/v2\/pages\/4776","targetHints":{"allow":["GET"]}}],"collection":[{"href":"https:\/\/biznesdokawki.pl\/wp\/wp-json\/wp\/v2\/pages"}],"about":[{"href":"https:\/\/biznesdokawki.pl\/wp\/wp-json\/wp\/v2\/types\/page"}],"author":[{"embeddable":true,"href":"https:\/\/biznesdokawki.pl\/wp\/wp-json\/wp\/v2\/users\/1"}],"replies":[{"embeddable":true,"href":"https:\/\/biznesdokawki.pl\/wp\/wp-json\/wp\/v2\/comments?post=4776"}],"version-history":[{"count":20,"href":"https:\/\/biznesdokawki.pl\/wp\/wp-json\/wp\/v2\/pages\/4776\/revisions"}],"predecessor-version":[{"id":5007,"href":"https:\/\/biznesdokawki.pl\/wp\/wp-json\/wp\/v2\/pages\/4776\/revisions\/5007"}],"wp:attachment":[{"href":"https:\/\/biznesdokawki.pl\/wp\/wp-json\/wp\/v2\/media?parent=4776"}],"curies":[{"name":"wp","href":"https:\/\/api.w.org\/{rel}","templated":true}]}}